{"id":1777,"date":"2022-06-22T17:16:53","date_gmt":"2022-06-22T20:16:53","guid":{"rendered":"http:\/\/gracabragadarzi.com.br\/?page_id=1777"},"modified":"2022-06-22T17:37:39","modified_gmt":"2022-06-22T20:37:39","slug":"blog","status":"publish","type":"page","link":"https:\/\/gracabragadarzi.com.br\/index.php\/blog\/","title":{"rendered":"Blog"},"content":{"rendered":"\t\t<div data-elementor-type=\"wp-page\" data-elementor-id=\"1777\" class=\"elementor elementor-1777\" data-elementor-post-type=\"page\">\n\t\t\t\t\t\t<section class=\"elementor-section elementor-top-section elementor-element elementor-element-0f8db4c elementor-section-stretched elementor-section-boxed elementor-section-height-default elementor-section-height-default\" data-id=\"0f8db4c\" data-element_type=\"section\" data-settings=\"{&quot;stretch_section&quot;:&quot;section-stretched&quot;,&quot;background_background&quot;:&quot;classic&quot;}\">\n\t\t\t\t\t\t<div class=\"elementor-container elementor-column-gap-default\">\n\t\t\t\t\t<div class=\"elementor-column elementor-col-100 elementor-top-column elementor-element elementor-element-f4e9a88\" data-id=\"f4e9a88\" data-element_type=\"column\">\n\t\t\t<div class=\"elementor-widget-wrap elementor-element-populated\">\n\t\t\t\t\t\t<div class=\"elementor-element elementor-element-5ba0534 elementor-widget elementor-widget-heading\" data-id=\"5ba0534\" data-element_type=\"widget\" data-widget_type=\"heading.default\">\n\t\t\t\t<div class=\"elementor-widget-container\">\n\t\t\t<h2 class=\"elementor-heading-title elementor-size-default\">Conte\u00fado<\/h2>\t\t<\/div>\n\t\t\t\t<\/div>\n\t\t\t\t<div class=\"elementor-element elementor-element-59e959e elementor-grid-3 elementor-grid-tablet-2 elementor-grid-mobile-1 elementor-posts--thumbnail-top elementor-widget elementor-widget-posts\" data-id=\"59e959e\" data-element_type=\"widget\" data-settings=\"{&quot;classic_columns&quot;:&quot;3&quot;,&quot;classic_columns_tablet&quot;:&quot;2&quot;,&quot;classic_columns_mobile&quot;:&quot;1&quot;,&quot;classic_row_gap&quot;:{&quot;unit&quot;:&quot;px&quot;,&quot;size&quot;:35,&quot;sizes&quot;:[]},&quot;classic_row_gap_tablet&quot;:{&quot;unit&quot;:&quot;px&quot;,&quot;size&quot;:&quot;&quot;,&quot;sizes&quot;:[]},&quot;classic_row_gap_mobile&quot;:{&quot;unit&quot;:&quot;px&quot;,&quot;size&quot;:&quot;&quot;,&quot;sizes&quot;:[]}}\" data-widget_type=\"posts.classic\">\n\t\t\t\t<div class=\"elementor-widget-container\">\n\t\t\t\t\t<div class=\"elementor-posts-container elementor-posts elementor-posts--skin-classic elementor-grid\">\n\t\t\t\t<article class=\"elementor-post elementor-grid-item post-1938 post type-post status-publish format-standard hentry category-sem-categoria\">\n\t\t\t\t<div class=\"elementor-post__text\">\n\t\t\t\t<h3 class=\"elementor-post__title\">\n\t\t\t<a href=\"https:\/\/gracabragadarzi.com.br\/index.php\/2024\/12\/13\/rabocee-zerkalo-kazino-dlya-obhoda-blokirovki-azino777-rabocee-zerkalo\/\" >\n\t\t\t\t\u0420\u0430\u0431\u043e\u0447\u0435\u0435 \u0417\u0435\u0440\u043a\u0430\u043b\u043e \u041a\u0430\u0437\u0438\u043d\u043e \u0414\u043b\u044f \u041e\u0431\u0445\u043e\u0434\u0430 \u0411\u043b\u043e\u043a\u0438\u0440\u043e\u0432\u043a\u0438 &#8211; \u0410\u0437\u0438\u043d\u043e777 \u0420\u0430\u0431\u043e\u0447\u0435\u0435 \u0417\u0435\u0440\u043a\u0430\u043b\u043e\t\t\t<\/a>\n\t\t<\/h3>\n\t\t\t\t<div class=\"elementor-post__meta-data\">\n\t\t\t\t\t<span class=\"elementor-post-date\">\n\t\t\t13 de dezembro de 2024\t\t<\/span>\n\t\t\t\t<\/div>\n\t\t\t\t<div class=\"elementor-post__excerpt\">\n\t\t\t<p>\u0420\u0430\u0431\u043e\u0447\u0435\u0435 \u0417\u0435\u0440\u043a\u0430\u043b\u043e \u041a\u0430\u0437\u0438\u043d\u043e \u0414\u043b\u044f \u041e\u0431\u0445\u043e\u0434\u0430 \u0411\u043b\u043e\u043a\u0438\u0440\u043e\u0432\u043a\u0438 &#8211; \u0410\u0437\u0438\u043d\u043e777 \u0420\u0430\u0431\u043e\u0447\u0435\u0435 \u0417\u0435\u0440\u043a\u0430\u043b\u043e<\/p>\n\t\t<\/div>\n\t\t\n\t\t<a class=\"elementor-post__read-more\" href=\"https:\/\/gracabragadarzi.com.br\/index.php\/2024\/12\/13\/rabocee-zerkalo-kazino-dlya-obhoda-blokirovki-azino777-rabocee-zerkalo\/\" aria-label=\"Read more about \u0420\u0430\u0431\u043e\u0447\u0435\u0435 \u0417\u0435\u0440\u043a\u0430\u043b\u043e \u041a\u0430\u0437\u0438\u043d\u043e \u0414\u043b\u044f \u041e\u0431\u0445\u043e\u0434\u0430 \u0411\u043b\u043e\u043a\u0438\u0440\u043e\u0432\u043a\u0438 &#8211; \u0410\u0437\u0438\u043d\u043e777 \u0420\u0430\u0431\u043e\u0447\u0435\u0435 \u0417\u0435\u0440\u043a\u0430\u043b\u043e\" tabindex=\"-1\" >\n\t\t\t\t\t<\/a>\n\n\t\t\t\t<\/div>\n\t\t\t\t<\/article>\n\t\t\t\t<article class=\"elementor-post elementor-grid-item post-1900 post type-post status-publish format-standard hentry category-sem-categoria\">\n\t\t\t\t<div class=\"elementor-post__text\">\n\t\t\t\t<h3 class=\"elementor-post__title\">\n\t\t\t<a href=\"https:\/\/gracabragadarzi.com.br\/index.php\/2024\/11\/10\/slottica-casino-polska\/\" >\n\t\t\t\tSlottica Casino Polska\t\t\t<\/a>\n\t\t<\/h3>\n\t\t\t\t<div class=\"elementor-post__meta-data\">\n\t\t\t\t\t<span class=\"elementor-post-date\">\n\t\t\t10 de novembro de 2024\t\t<\/span>\n\t\t\t\t<\/div>\n\t\t\t\t<div class=\"elementor-post__excerpt\">\n\t\t\t<p>Slottica Casino Polska Zanurz si\u0119 w \u015bwiecie ekscytuj\u0105cej rozrywki w kasynie Vladimir! Oferujemy szeroki wyb\u00f3r<\/p>\n\t\t<\/div>\n\t\t\n\t\t<a class=\"elementor-post__read-more\" href=\"https:\/\/gracabragadarzi.com.br\/index.php\/2024\/11\/10\/slottica-casino-polska\/\" aria-label=\"Read more about Slottica Casino Polska\" tabindex=\"-1\" >\n\t\t\t\t\t<\/a>\n\n\t\t\t\t<\/div>\n\t\t\t\t<\/article>\n\t\t\t\t<article class=\"elementor-post elementor-grid-item post-1767 post type-post status-publish format-standard has-post-thumbnail hentry category-educando\">\n\t\t\t\t<a class=\"elementor-post__thumbnail__link\" href=\"https:\/\/gracabragadarzi.com.br\/index.php\/2022\/06\/21\/exageros-do-castigo-e-da-liberdade-a-sombra-em-sua-expressao\/\" tabindex=\"-1\" >\n\t\t\t<div class=\"elementor-post__thumbnail\"><img fetchpriority=\"high\" decoding=\"async\" width=\"650\" height=\"366\" src=\"https:\/\/gracabragadarzi.com.br\/wp-content\/uploads\/2022\/06\/Cuando-merecen-ser-castigados2-1.jpg\" class=\"attachment-full size-full wp-image-1768\" alt=\"Exageros do castigo e da liberdade \u2013 A sombra em sua express\u00e3o\" srcset=\"https:\/\/gracabragadarzi.com.br\/wp-content\/uploads\/2022\/06\/Cuando-merecen-ser-castigados2-1.jpg 650w, https:\/\/gracabragadarzi.com.br\/wp-content\/uploads\/2022\/06\/Cuando-merecen-ser-castigados2-1-300x169.jpg 300w\" sizes=\"(max-width: 650px) 100vw, 650px\" \/><\/div>\n\t\t<\/a>\n\t\t\t\t<div class=\"elementor-post__text\">\n\t\t\t\t<h3 class=\"elementor-post__title\">\n\t\t\t<a href=\"https:\/\/gracabragadarzi.com.br\/index.php\/2022\/06\/21\/exageros-do-castigo-e-da-liberdade-a-sombra-em-sua-expressao\/\" >\n\t\t\t\tExageros do castigo e da liberdade \u2013 A sombra em sua express\u00e3o\t\t\t<\/a>\n\t\t<\/h3>\n\t\t\t\t<div class=\"elementor-post__meta-data\">\n\t\t\t\t\t<span class=\"elementor-post-date\">\n\t\t\t21 de junho de 2022\t\t<\/span>\n\t\t\t\t<\/div>\n\t\t\t\t<div class=\"elementor-post__excerpt\">\n\t\t\t<p>Educar \u00e9 uma tarefa que imprime um compromisso cont\u00ednuo do pr\u00f3prio educador na rela\u00e7\u00e3o consigo<\/p>\n\t\t<\/div>\n\t\t\n\t\t<a class=\"elementor-post__read-more\" href=\"https:\/\/gracabragadarzi.com.br\/index.php\/2022\/06\/21\/exageros-do-castigo-e-da-liberdade-a-sombra-em-sua-expressao\/\" aria-label=\"Read more about Exageros do castigo e da liberdade \u2013 A sombra em sua express\u00e3o\" tabindex=\"-1\" >\n\t\t\t\t\t<\/a>\n\n\t\t\t\t<\/div>\n\t\t\t\t<\/article>\n\t\t\t\t<article class=\"elementor-post elementor-grid-item post-1764 post type-post status-publish format-standard has-post-thumbnail hentry category-educando\">\n\t\t\t\t<a class=\"elementor-post__thumbnail__link\" href=\"https:\/\/gracabragadarzi.com.br\/index.php\/2022\/06\/21\/a-obesidade-e-o-comer-desenfreado-um-olhar-simbolico-sobre-eles\/\" tabindex=\"-1\" >\n\t\t\t<div class=\"elementor-post__thumbnail\"><img decoding=\"async\" width=\"650\" height=\"366\" src=\"https:\/\/gracabragadarzi.com.br\/wp-content\/uploads\/2022\/06\/comida_compulsao_graca.jpg\" class=\"attachment-full size-full wp-image-1765\" alt=\"A obesidade e o comer desenfreado \u2013 Um olhar simb\u00f3lico sobre eles.\" srcset=\"https:\/\/gracabragadarzi.com.br\/wp-content\/uploads\/2022\/06\/comida_compulsao_graca.jpg 650w, https:\/\/gracabragadarzi.com.br\/wp-content\/uploads\/2022\/06\/comida_compulsao_graca-300x169.jpg 300w\" sizes=\"(max-width: 650px) 100vw, 650px\" \/><\/div>\n\t\t<\/a>\n\t\t\t\t<div class=\"elementor-post__text\">\n\t\t\t\t<h3 class=\"elementor-post__title\">\n\t\t\t<a href=\"https:\/\/gracabragadarzi.com.br\/index.php\/2022\/06\/21\/a-obesidade-e-o-comer-desenfreado-um-olhar-simbolico-sobre-eles\/\" >\n\t\t\t\tA obesidade e o comer desenfreado \u2013 Um olhar simb\u00f3lico sobre eles.\t\t\t<\/a>\n\t\t<\/h3>\n\t\t\t\t<div class=\"elementor-post__meta-data\">\n\t\t\t\t\t<span class=\"elementor-post-date\">\n\t\t\t21 de junho de 2022\t\t<\/span>\n\t\t\t\t<\/div>\n\t\t\t\t<div class=\"elementor-post__excerpt\">\n\t\t\t<p>\u00c9 not\u00f3rio que um funcionamento n\u00e3o adequado da psique humana pode acarretar profundos preju\u00edzos ao<\/p>\n\t\t<\/div>\n\t\t\n\t\t<a class=\"elementor-post__read-more\" href=\"https:\/\/gracabragadarzi.com.br\/index.php\/2022\/06\/21\/a-obesidade-e-o-comer-desenfreado-um-olhar-simbolico-sobre-eles\/\" aria-label=\"Read more about A obesidade e o comer desenfreado \u2013 Um olhar simb\u00f3lico sobre eles.\" tabindex=\"-1\" >\n\t\t\t\t\t<\/a>\n\n\t\t\t\t<\/div>\n\t\t\t\t<\/article>\n\t\t\t\t<article class=\"elementor-post elementor-grid-item post-1761 post type-post status-publish format-standard has-post-thumbnail hentry category-educando\">\n\t\t\t\t<a class=\"elementor-post__thumbnail__link\" href=\"https:\/\/gracabragadarzi.com.br\/index.php\/2022\/06\/21\/ciume-patologico-o-que-fazer-com-essas-emocoes\/\" tabindex=\"-1\" >\n\t\t\t<div class=\"elementor-post__thumbnail\"><img decoding=\"async\" width=\"510\" height=\"366\" src=\"https:\/\/gracabragadarzi.com.br\/wp-content\/uploads\/2022\/06\/Ciu\u0301me-Patolo\u0301gico-o-que-fazer-com-essas-emoc\u0327o\u0303es.jpg\" class=\"attachment-full size-full wp-image-1762\" alt=\"Ci\u00fame Patol\u00f3gico, o que fazer com essas emo\u00e7\u00f5es?\" srcset=\"https:\/\/gracabragadarzi.com.br\/wp-content\/uploads\/2022\/06\/Ciu\u0301me-Patolo\u0301gico-o-que-fazer-com-essas-emoc\u0327o\u0303es.jpg 510w, https:\/\/gracabragadarzi.com.br\/wp-content\/uploads\/2022\/06\/Ciu\u0301me-Patolo\u0301gico-o-que-fazer-com-essas-emoc\u0327o\u0303es-300x215.jpg 300w\" sizes=\"(max-width: 510px) 100vw, 510px\" \/><\/div>\n\t\t<\/a>\n\t\t\t\t<div class=\"elementor-post__text\">\n\t\t\t\t<h3 class=\"elementor-post__title\">\n\t\t\t<a href=\"https:\/\/gracabragadarzi.com.br\/index.php\/2022\/06\/21\/ciume-patologico-o-que-fazer-com-essas-emocoes\/\" >\n\t\t\t\tCi\u00fame Patol\u00f3gico, o que fazer com essas emo\u00e7\u00f5es?\t\t\t<\/a>\n\t\t<\/h3>\n\t\t\t\t<div class=\"elementor-post__meta-data\">\n\t\t\t\t\t<span class=\"elementor-post-date\">\n\t\t\t21 de junho de 2022\t\t<\/span>\n\t\t\t\t<\/div>\n\t\t\t\t<div class=\"elementor-post__excerpt\">\n\t\t\t<p>O ci\u00fame \u00e9 uma emo\u00e7\u00e3o humana comum, universal e pode ser de dif\u00edcil distin\u00e7\u00e3o entre<\/p>\n\t\t<\/div>\n\t\t\n\t\t<a class=\"elementor-post__read-more\" href=\"https:\/\/gracabragadarzi.com.br\/index.php\/2022\/06\/21\/ciume-patologico-o-que-fazer-com-essas-emocoes\/\" aria-label=\"Read more about Ci\u00fame Patol\u00f3gico, o que fazer com essas emo\u00e7\u00f5es?\" tabindex=\"-1\" >\n\t\t\t\t\t<\/a>\n\n\t\t\t\t<\/div>\n\t\t\t\t<\/article>\n\t\t\t\t<article class=\"elementor-post elementor-grid-item post-1758 post type-post status-publish format-standard has-post-thumbnail hentry category-educando\">\n\t\t\t\t<a class=\"elementor-post__thumbnail__link\" href=\"https:\/\/gracabragadarzi.com.br\/index.php\/2022\/06\/21\/como-dizer-nao-sem-sentir-culpa\/\" tabindex=\"-1\" >\n\t\t\t<div class=\"elementor-post__thumbnail\"><img loading=\"lazy\" decoding=\"async\" width=\"800\" height=\"480\" src=\"https:\/\/gracabragadarzi.com.br\/wp-content\/uploads\/2022\/06\/Como-dizer-NA\u0303O-sem-sentir-culpa-800x480-1.jpg\" class=\"attachment-full size-full wp-image-1759\" alt=\"Como dizer N\u00c3O sem sentir culpa\" srcset=\"https:\/\/gracabragadarzi.com.br\/wp-content\/uploads\/2022\/06\/Como-dizer-NA\u0303O-sem-sentir-culpa-800x480-1.jpg 800w, https:\/\/gracabragadarzi.com.br\/wp-content\/uploads\/2022\/06\/Como-dizer-NA\u0303O-sem-sentir-culpa-800x480-1-300x180.jpg 300w, https:\/\/gracabragadarzi.com.br\/wp-content\/uploads\/2022\/06\/Como-dizer-NA\u0303O-sem-sentir-culpa-800x480-1-768x461.jpg 768w\" sizes=\"(max-width: 800px) 100vw, 800px\" \/><\/div>\n\t\t<\/a>\n\t\t\t\t<div class=\"elementor-post__text\">\n\t\t\t\t<h3 class=\"elementor-post__title\">\n\t\t\t<a href=\"https:\/\/gracabragadarzi.com.br\/index.php\/2022\/06\/21\/como-dizer-nao-sem-sentir-culpa\/\" >\n\t\t\t\tComo dizer N\u00c3O sem sentir culpa\t\t\t<\/a>\n\t\t<\/h3>\n\t\t\t\t<div class=\"elementor-post__meta-data\">\n\t\t\t\t\t<span class=\"elementor-post-date\">\n\t\t\t21 de junho de 2022\t\t<\/span>\n\t\t\t\t<\/div>\n\t\t\t\t<div class=\"elementor-post__excerpt\">\n\t\t\t<p>Geralmente, quem tem dificuldade em dizer \u201cn\u00e3o\u201d acaba se sobrecarregando e tentando fazer muito mais<\/p>\n\t\t<\/div>\n\t\t\n\t\t<a class=\"elementor-post__read-more\" href=\"https:\/\/gracabragadarzi.com.br\/index.php\/2022\/06\/21\/como-dizer-nao-sem-sentir-culpa\/\" aria-label=\"Read more about Como dizer N\u00c3O sem sentir culpa\" tabindex=\"-1\" >\n\t\t\t\t\t<\/a>\n\n\t\t\t\t<\/div>\n\t\t\t\t<\/article>\n\t\t\t\t<\/div>\n\t\t\n\t\t\t\t<div class=\"e-load-more-anchor\" data-page=\"1\" data-max-page=\"14\" data-next-page=\"https:\/\/gracabragadarzi.com.br\/index.php\/wp-json\/wp\/v2\/pages\/1777\/page\/2\/\"><\/div>\n\t\t\t\t<nav class=\"elementor-pagination\" aria-label=\"Pagina\u00e7\u00e3o\">\n\t\t\t<span aria-current=\"page\" class=\"page-numbers current\"><span class=\"elementor-screen-only\">P\u00e1gina<\/span>1<\/span>\n<a class=\"page-numbers\" href=\"https:\/\/gracabragadarzi.com.br\/index.php\/wp-json\/wp\/v2\/pages\/1777\/page\/2\/\"><span class=\"elementor-screen-only\">P\u00e1gina<\/span>2<\/a>\n<a class=\"page-numbers\" href=\"https:\/\/gracabragadarzi.com.br\/index.php\/wp-json\/wp\/v2\/pages\/1777\/page\/3\/\"><span class=\"elementor-screen-only\">P\u00e1gina<\/span>3<\/a>\n<a class=\"page-numbers\" href=\"https:\/\/gracabragadarzi.com.br\/index.php\/wp-json\/wp\/v2\/pages\/1777\/page\/4\/\"><span class=\"elementor-screen-only\">P\u00e1gina<\/span>4<\/a>\n<a class=\"page-numbers\" href=\"https:\/\/gracabragadarzi.com.br\/index.php\/wp-json\/wp\/v2\/pages\/1777\/page\/5\/\"><span class=\"elementor-screen-only\">P\u00e1gina<\/span>5<\/a>\t\t<\/nav>\n\t\t\t\t<\/div>\n\t\t\t\t<\/div>\n\t\t\t\t\t<\/div>\n\t\t<\/div>\n\t\t\t\t\t<\/div>\n\t\t<\/section>\n\t\t\t\t<\/div>\n\t\t","protected":false},"excerpt":{"rendered":"<p>Conte\u00fado<\/p>\n","protected":false},"author":1,"featured_media":0,"parent":0,"menu_order":4,"comment_status":"closed","ping_status":"closed","template":"elementor_header_footer","meta":{"footnotes":""},"class_list":["post-1777","page","type-page","status-publish","hentry"],"yoast_head":"<!-- This site is optimized with the Yoast SEO plugin v23.6 - https:\/\/yoast.com\/wordpress\/plugins\/seo\/ -->\n<title>Blog - Gra\u00e7a Darzi<\/title>\n<meta name=\"robots\" content=\"index, follow, max-snippet:-1, max-image-preview:large, max-video-preview:-1\" \/>\n<link rel=\"canonical\" href=\"https:\/\/gracabragadarzi.com.br\/index.php\/blog\/\" \/>\n<meta property=\"og:locale\" content=\"pt_BR\" \/>\n<meta property=\"og:type\" content=\"article\" \/>\n<meta property=\"og:title\" content=\"Blog - Gra\u00e7a Darzi\" \/>\n<meta property=\"og:description\" content=\"Conte\u00fado\" \/>\n<meta property=\"og:url\" content=\"https:\/\/gracabragadarzi.com.br\/index.php\/blog\/\" \/>\n<meta property=\"og:site_name\" content=\"Gra\u00e7a Darzi\" \/>\n<meta property=\"article:modified_time\" content=\"2022-06-22T20:37:39+00:00\" \/>\n<meta name=\"twitter:card\" content=\"summary_large_image\" \/>\n<meta name=\"twitter:label1\" content=\"Est. tempo de leitura\" \/>\n\t<meta name=\"twitter:data1\" content=\"3 minutos\" \/>\n<script type=\"application\/ld+json\" class=\"yoast-schema-graph\">{\"@context\":\"https:\/\/schema.org\",\"@graph\":[{\"@type\":\"WebPage\",\"@id\":\"https:\/\/gracabragadarzi.com.br\/index.php\/blog\/\",\"url\":\"https:\/\/gracabragadarzi.com.br\/index.php\/blog\/\",\"name\":\"Blog - Gra\u00e7a Darzi\",\"isPartOf\":{\"@id\":\"https:\/\/gracabragadarzi.com.br\/#website\"},\"datePublished\":\"2022-06-22T20:16:53+00:00\",\"dateModified\":\"2022-06-22T20:37:39+00:00\",\"breadcrumb\":{\"@id\":\"https:\/\/gracabragadarzi.com.br\/index.php\/blog\/#breadcrumb\"},\"inLanguage\":\"pt-BR\",\"potentialAction\":[{\"@type\":\"ReadAction\",\"target\":[\"https:\/\/gracabragadarzi.com.br\/index.php\/blog\/\"]}]},{\"@type\":\"BreadcrumbList\",\"@id\":\"https:\/\/gracabragadarzi.com.br\/index.php\/blog\/#breadcrumb\",\"itemListElement\":[{\"@type\":\"ListItem\",\"position\":1,\"name\":\"In\u00edcio\",\"item\":\"https:\/\/gracabragadarzi.com.br\/\"},{\"@type\":\"ListItem\",\"position\":2,\"name\":\"Blog\"}]},{\"@type\":\"WebSite\",\"@id\":\"https:\/\/gracabragadarzi.com.br\/#website\",\"url\":\"https:\/\/gracabragadarzi.com.br\/\",\"name\":\"Gra\u00e7a Darzi\",\"description\":\"Psicologia Cl\u00ednica Anal\u00edtica\",\"publisher\":{\"@id\":\"https:\/\/gracabragadarzi.com.br\/#organization\"},\"potentialAction\":[{\"@type\":\"SearchAction\",\"target\":{\"@type\":\"EntryPoint\",\"urlTemplate\":\"https:\/\/gracabragadarzi.com.br\/?s={search_term_string}\"},\"query-input\":{\"@type\":\"PropertyValueSpecification\",\"valueRequired\":true,\"valueName\":\"search_term_string\"}}],\"inLanguage\":\"pt-BR\"},{\"@type\":\"Organization\",\"@id\":\"https:\/\/gracabragadarzi.com.br\/#organization\",\"name\":\"Gra\u00e7a Darzi\",\"url\":\"https:\/\/gracabragadarzi.com.br\/\",\"logo\":{\"@type\":\"ImageObject\",\"inLanguage\":\"pt-BR\",\"@id\":\"https:\/\/gracabragadarzi.com.br\/#\/schema\/logo\/image\/\",\"url\":\"https:\/\/gracabragadarzi.com.br\/wp-content\/uploads\/2022\/01\/logo.png\",\"contentUrl\":\"https:\/\/gracabragadarzi.com.br\/wp-content\/uploads\/2022\/01\/logo.png\",\"width\":86,\"height\":86,\"caption\":\"Gra\u00e7a Darzi\"},\"image\":{\"@id\":\"https:\/\/gracabragadarzi.com.br\/#\/schema\/logo\/image\/\"}}]}<\/script>\n<!-- \/ Yoast SEO plugin. -->","yoast_head_json":{"title":"Blog - Gra\u00e7a Darzi","robots":{"index":"index","follow":"follow","max-snippet":"max-snippet:-1","max-image-preview":"max-image-preview:large","max-video-preview":"max-video-preview:-1"},"canonical":"https:\/\/gracabragadarzi.com.br\/index.php\/blog\/","og_locale":"pt_BR","og_type":"article","og_title":"Blog - Gra\u00e7a Darzi","og_description":"Conte\u00fado","og_url":"https:\/\/gracabragadarzi.com.br\/index.php\/blog\/","og_site_name":"Gra\u00e7a Darzi","article_modified_time":"2022-06-22T20:37:39+00:00","twitter_card":"summary_large_image","twitter_misc":{"Est. tempo de leitura":"3 minutos"},"schema":{"@context":"https:\/\/schema.org","@graph":[{"@type":"WebPage","@id":"https:\/\/gracabragadarzi.com.br\/index.php\/blog\/","url":"https:\/\/gracabragadarzi.com.br\/index.php\/blog\/","name":"Blog - Gra\u00e7a Darzi","isPartOf":{"@id":"https:\/\/gracabragadarzi.com.br\/#website"},"datePublished":"2022-06-22T20:16:53+00:00","dateModified":"2022-06-22T20:37:39+00:00","breadcrumb":{"@id":"https:\/\/gracabragadarzi.com.br\/index.php\/blog\/#breadcrumb"},"inLanguage":"pt-BR","potentialAction":[{"@type":"ReadAction","target":["https:\/\/gracabragadarzi.com.br\/index.php\/blog\/"]}]},{"@type":"BreadcrumbList","@id":"https:\/\/gracabragadarzi.com.br\/index.php\/blog\/#breadcrumb","itemListElement":[{"@type":"ListItem","position":1,"name":"In\u00edcio","item":"https:\/\/gracabragadarzi.com.br\/"},{"@type":"ListItem","position":2,"name":"Blog"}]},{"@type":"WebSite","@id":"https:\/\/gracabragadarzi.com.br\/#website","url":"https:\/\/gracabragadarzi.com.br\/","name":"Gra\u00e7a Darzi","description":"Psicologia Cl\u00ednica Anal\u00edtica","publisher":{"@id":"https:\/\/gracabragadarzi.com.br\/#organization"},"potentialAction":[{"@type":"SearchAction","target":{"@type":"EntryPoint","urlTemplate":"https:\/\/gracabragadarzi.com.br\/?s={search_term_string}"},"query-input":{"@type":"PropertyValueSpecification","valueRequired":true,"valueName":"search_term_string"}}],"inLanguage":"pt-BR"},{"@type":"Organization","@id":"https:\/\/gracabragadarzi.com.br\/#organization","name":"Gra\u00e7a Darzi","url":"https:\/\/gracabragadarzi.com.br\/","logo":{"@type":"ImageObject","inLanguage":"pt-BR","@id":"https:\/\/gracabragadarzi.com.br\/#\/schema\/logo\/image\/","url":"https:\/\/gracabragadarzi.com.br\/wp-content\/uploads\/2022\/01\/logo.png","contentUrl":"https:\/\/gracabragadarzi.com.br\/wp-content\/uploads\/2022\/01\/logo.png","width":86,"height":86,"caption":"Gra\u00e7a Darzi"},"image":{"@id":"https:\/\/gracabragadarzi.com.br\/#\/schema\/logo\/image\/"}}]}},"_links":{"self":[{"href":"https:\/\/gracabragadarzi.com.br\/index.php\/wp-json\/wp\/v2\/pages\/1777"}],"collection":[{"href":"https:\/\/gracabragadarzi.com.br\/index.php\/wp-json\/wp\/v2\/pages"}],"about":[{"href":"https:\/\/gracabragadarzi.com.br\/index.php\/wp-json\/wp\/v2\/types\/page"}],"author":[{"embeddable":true,"href":"https:\/\/gracabragadarzi.com.br\/index.php\/wp-json\/wp\/v2\/users\/1"}],"replies":[{"embeddable":true,"href":"https:\/\/gracabragadarzi.com.br\/index.php\/wp-json\/wp\/v2\/comments?post=1777"}],"version-history":[{"count":14,"href":"https:\/\/gracabragadarzi.com.br\/index.php\/wp-json\/wp\/v2\/pages\/1777\/revisions"}],"predecessor-version":[{"id":1796,"href":"https:\/\/gracabragadarzi.com.br\/index.php\/wp-json\/wp\/v2\/pages\/1777\/revisions\/1796"}],"wp:attachment":[{"href":"https:\/\/gracabragadarzi.com.br\/index.php\/wp-json\/wp\/v2\/media?parent=1777"}],"curies":[{"name":"wp","href":"https:\/\/api.w.org\/{rel}","templated":true}]}}